{"id":12332,"date":"2026-04-10T15:34:12","date_gmt":"2026-04-10T18:34:12","guid":{"rendered":"https:\/\/luzsollar.com\/lj2\/?post_type=product&#038;p=12332"},"modified":"2026-04-30T10:46:45","modified_gmt":"2026-04-30T13:46:45","slug":"luminaria-de-emergencia-2w-6500k-30-leds","status":"publish","type":"product","link":"https:\/\/luzsollar.com\/lj2\/produto\/luminaria-de-emergencia-2w-6500k-30-leds\/","title":{"rendered":"LUMIN\u00c1RIA DE EMERG\u00caNCIA 2W 6500K 30 LEDS"},"content":{"rendered":"<p>LUMIN\u00c1RIA DE EMERG\u00caNCIA 2W 6500K 30 LEDS<\/p>\n","protected":false},"excerpt":{"rendered":"<p>LUMIN\u00c1RIA DE EMERG\u00caNCIA 2W 6500K 30 LEDS<\/p>\n","protected":false},"featured_media":12333,"template":"","meta":[],"locations":[119,120,136],"product_brand":[60],"product_cat":[65,133],"product_tag":[],"class_list":{"0":"post-12332","1":"product","2":"type-product","3":"status-publish","4":"has-post-thumbnail","6":"locations-brasilia","7":"locations-sao-paulo-gl1","8":"locations-sao-paulo-lj","9":"product_brand-top-light","10":"product_cat-emergencia","11":"product_cat-novidades","13":"first","14":"instock","15":"sale","16":"shipping-taxable","17":"purchasable","18":"product-type-simple"},"_links":{"self":[{"href":"https:\/\/luzsollar.com\/lj2\/wp-json\/wp\/v2\/product\/12332","targetHints":{"allow":["GET"]}}],"collection":[{"href":"https:\/\/luzsollar.com\/lj2\/wp-json\/wp\/v2\/product"}],"about":[{"href":"https:\/\/luzsollar.com\/lj2\/wp-json\/wp\/v2\/types\/product"}],"wp:featuredmedia":[{"embeddable":true,"href":"https:\/\/luzsollar.com\/lj2\/wp-json\/wp\/v2\/media\/12333"}],"wp:attachment":[{"href":"https:\/\/luzsollar.com\/lj2\/wp-json\/wp\/v2\/media?parent=12332"}],"wp:term":[{"taxonomy":"locations","embeddable":true,"href":"https:\/\/luzsollar.com\/lj2\/wp-json\/wp\/v2\/locations?post=12332"},{"taxonomy":"product_brand","embeddable":true,"href":"https:\/\/luzsollar.com\/lj2\/wp-json\/wp\/v2\/product_brand?post=12332"},{"taxonomy":"product_cat","embeddable":true,"href":"https:\/\/luzsollar.com\/lj2\/wp-json\/wp\/v2\/product_cat?post=12332"},{"taxonomy":"product_tag","embeddable":true,"href":"https:\/\/luzsollar.com\/lj2\/wp-json\/wp\/v2\/product_tag?post=12332"}],"curies":[{"name":"wp","href":"https:\/\/api.w.org\/{rel}","templated":true}]}}