{"id":10521,"date":"2025-11-04T17:26:43","date_gmt":"2025-11-04T20:26:43","guid":{"rendered":"https:\/\/luzsollar.com\/lj2\/?post_type=product&#038;p=10521"},"modified":"2026-04-30T10:46:24","modified_gmt":"2026-04-30T13:46:24","slug":"syflar-pd-led-tpd-542-40w-acrilico","status":"publish","type":"product","link":"https:\/\/luzsollar.com\/lj2\/produto\/syflar-pd-led-tpd-542-40w-acrilico\/","title":{"rendered":"SYFLAR PD LED TPD-542 40W ACRILICO"},"content":{"rendered":"<p>SYFLAR PD LED TPD-542 40W ACRILICO<\/p>\n","protected":false},"excerpt":{"rendered":"<p>Tamanho: CABO: 3,5 METROS (AJUST\u00c1VEL) 100X140MM (9 PE\u00c7AS) &#8211; Temp. Cor: 3000K 4000K 6500K &#8211; Material: ACR\u00cdLICO + ALUM\u00cdNIO<\/p>\n","protected":false},"featured_media":6242,"template":"","meta":[],"locations":[119],"product_brand":[58],"product_cat":[84],"product_tag":[],"class_list":{"0":"post-10521","1":"product","2":"type-product","3":"status-publish","4":"has-post-thumbnail","6":"locations-brasilia","7":"product_brand-syflar","8":"product_cat-pendentes-decor","10":"first","11":"instock","12":"sale","13":"shipping-taxable","14":"purchasable","15":"product-type-simple"},"_links":{"self":[{"href":"https:\/\/luzsollar.com\/lj2\/wp-json\/wp\/v2\/product\/10521","targetHints":{"allow":["GET"]}}],"collection":[{"href":"https:\/\/luzsollar.com\/lj2\/wp-json\/wp\/v2\/product"}],"about":[{"href":"https:\/\/luzsollar.com\/lj2\/wp-json\/wp\/v2\/types\/product"}],"wp:featuredmedia":[{"embeddable":true,"href":"https:\/\/luzsollar.com\/lj2\/wp-json\/wp\/v2\/media\/6242"}],"wp:attachment":[{"href":"https:\/\/luzsollar.com\/lj2\/wp-json\/wp\/v2\/media?parent=10521"}],"wp:term":[{"taxonomy":"locations","embeddable":true,"href":"https:\/\/luzsollar.com\/lj2\/wp-json\/wp\/v2\/locations?post=10521"},{"taxonomy":"product_brand","embeddable":true,"href":"https:\/\/luzsollar.com\/lj2\/wp-json\/wp\/v2\/product_brand?post=10521"},{"taxonomy":"product_cat","embeddable":true,"href":"https:\/\/luzsollar.com\/lj2\/wp-json\/wp\/v2\/product_cat?post=10521"},{"taxonomy":"product_tag","embeddable":true,"href":"https:\/\/luzsollar.com\/lj2\/wp-json\/wp\/v2\/product_tag?post=10521"}],"curies":[{"name":"wp","href":"https:\/\/api.w.org\/{rel}","templated":true}]}}