{"id":10512,"date":"2025-11-04T17:26:39","date_gmt":"2025-11-04T20:26:39","guid":{"rendered":"https:\/\/luzsollar.com\/lj2\/?post_type=product&#038;p=10512"},"modified":"2026-04-30T10:46:23","modified_gmt":"2026-04-30T13:46:23","slug":"syflar-pd-led-tpd-39-50w-silicone","status":"publish","type":"product","link":"https:\/\/luzsollar.com\/lj2\/produto\/syflar-pd-led-tpd-39-50w-silicone\/","title":{"rendered":"SYFLAR PD LED TPD-39 50W SILICONE"},"content":{"rendered":"<p>SYFLAR PD LED TPD-39 50W SILICONE<\/p>\n","protected":false},"excerpt":{"rendered":"<p>Tamanho: CABO: 3,5 METROS (AJUST\u00c1VEL) \u00d8400MM + 600MM + 800MM &#8211; Temp. Cor: 3000K 4000K 6500K &#8211; Material: ALUM\u00cdNIO + SILICONE<\/p>\n","protected":false},"featured_media":10798,"template":"","meta":[],"locations":[119,120,136],"product_brand":[58],"product_cat":[133,84],"product_tag":[],"class_list":{"0":"post-10512","1":"product","2":"type-product","3":"status-publish","4":"has-post-thumbnail","6":"locations-brasilia","7":"locations-sao-paulo-gl1","8":"locations-sao-paulo-lj","9":"product_brand-syflar","10":"product_cat-novidades","11":"product_cat-pendentes-decor","13":"first","14":"instock","15":"sale","16":"shipping-taxable","17":"purchasable","18":"product-type-simple"},"_links":{"self":[{"href":"https:\/\/luzsollar.com\/lj2\/wp-json\/wp\/v2\/product\/10512","targetHints":{"allow":["GET"]}}],"collection":[{"href":"https:\/\/luzsollar.com\/lj2\/wp-json\/wp\/v2\/product"}],"about":[{"href":"https:\/\/luzsollar.com\/lj2\/wp-json\/wp\/v2\/types\/product"}],"wp:featuredmedia":[{"embeddable":true,"href":"https:\/\/luzsollar.com\/lj2\/wp-json\/wp\/v2\/media\/10798"}],"wp:attachment":[{"href":"https:\/\/luzsollar.com\/lj2\/wp-json\/wp\/v2\/media?parent=10512"}],"wp:term":[{"taxonomy":"locations","embeddable":true,"href":"https:\/\/luzsollar.com\/lj2\/wp-json\/wp\/v2\/locations?post=10512"},{"taxonomy":"product_brand","embeddable":true,"href":"https:\/\/luzsollar.com\/lj2\/wp-json\/wp\/v2\/product_brand?post=10512"},{"taxonomy":"product_cat","embeddable":true,"href":"https:\/\/luzsollar.com\/lj2\/wp-json\/wp\/v2\/product_cat?post=10512"},{"taxonomy":"product_tag","embeddable":true,"href":"https:\/\/luzsollar.com\/lj2\/wp-json\/wp\/v2\/product_tag?post=10512"}],"curies":[{"name":"wp","href":"https:\/\/api.w.org\/{rel}","templated":true}]}}