{"id":10490,"date":"2025-11-04T17:26:37","date_gmt":"2025-11-04T20:26:37","guid":{"rendered":"https:\/\/luzsollar.com\/lj2\/?post_type=product&#038;p=10490"},"modified":"2026-04-30T10:46:23","modified_gmt":"2026-04-30T13:46:23","slug":"syflar-pd-led-tpd-133-3w-3000k-acrilico","status":"publish","type":"product","link":"https:\/\/luzsollar.com\/lj2\/produto\/syflar-pd-led-tpd-133-3w-3000k-acrilico\/","title":{"rendered":"SYFLAR PD LED TPD-133 3W 3000K ACRILICO"},"content":{"rendered":"<p>SYFLAR PD LED TPD-133 3W 3000K ACRILICO<\/p>\n","protected":false},"excerpt":{"rendered":"<p>Tamanho: CABO: 2 METROS (AJUST\u00c1VEL) 108X108X235MM &#8211; Temp. Cor: 3000K 4000K 6500K &#8211; Material: ACR\u00cdLICO + ALUM\u00cdNIO<\/p>\n","protected":false},"featured_media":6211,"template":"","meta":[],"locations":[119,120,136],"product_brand":[58],"product_cat":[84],"product_tag":[],"class_list":{"0":"post-10490","1":"product","2":"type-product","3":"status-publish","4":"has-post-thumbnail","6":"locations-brasilia","7":"locations-sao-paulo-gl1","8":"locations-sao-paulo-lj","9":"product_brand-syflar","10":"product_cat-pendentes-decor","12":"first","13":"instock","14":"sale","15":"shipping-taxable","16":"purchasable","17":"product-type-simple"},"_links":{"self":[{"href":"https:\/\/luzsollar.com\/lj2\/wp-json\/wp\/v2\/product\/10490","targetHints":{"allow":["GET"]}}],"collection":[{"href":"https:\/\/luzsollar.com\/lj2\/wp-json\/wp\/v2\/product"}],"about":[{"href":"https:\/\/luzsollar.com\/lj2\/wp-json\/wp\/v2\/types\/product"}],"wp:featuredmedia":[{"embeddable":true,"href":"https:\/\/luzsollar.com\/lj2\/wp-json\/wp\/v2\/media\/6211"}],"wp:attachment":[{"href":"https:\/\/luzsollar.com\/lj2\/wp-json\/wp\/v2\/media?parent=10490"}],"wp:term":[{"taxonomy":"locations","embeddable":true,"href":"https:\/\/luzsollar.com\/lj2\/wp-json\/wp\/v2\/locations?post=10490"},{"taxonomy":"product_brand","embeddable":true,"href":"https:\/\/luzsollar.com\/lj2\/wp-json\/wp\/v2\/product_brand?post=10490"},{"taxonomy":"product_cat","embeddable":true,"href":"https:\/\/luzsollar.com\/lj2\/wp-json\/wp\/v2\/product_cat?post=10490"},{"taxonomy":"product_tag","embeddable":true,"href":"https:\/\/luzsollar.com\/lj2\/wp-json\/wp\/v2\/product_tag?post=10490"}],"curies":[{"name":"wp","href":"https:\/\/api.w.org\/{rel}","templated":true}]}}