{"id":10235,"date":"2025-11-04T17:25:49","date_gmt":"2025-11-04T20:25:49","guid":{"rendered":"https:\/\/luzsollar.com\/lj2\/?post_type=product&#038;p=10235"},"modified":"2026-02-12T08:58:10","modified_gmt":"2026-02-12T11:58:10","slug":"magnetico-curvo-drive-chaveada-200w-o120","status":"publish","type":"product","link":"https:\/\/luzsollar.com\/lj2\/produto\/magnetico-curvo-drive-chaveada-200w-o120\/","title":{"rendered":"MAGN\u00c9TICO CURVO DRIVE CHAVEADA 200W  \u00d8120"},"content":{"rendered":"<p>MAGN\u00c9TICO CURVO DRIVE CHAVEADA 200W  \u00d8120<\/p>\n","protected":false},"excerpt":{"rendered":"<p>Tamanho: \u00d8120 &#8211; Temp. Cor: 3000K &#8211; Material: <\/p>\n","protected":false},"featured_media":6490,"template":"","meta":[],"locations":[],"product_brand":[58],"product_cat":[76],"product_tag":[],"class_list":{"0":"post-10235","1":"product","2":"type-product","3":"status-publish","4":"has-post-thumbnail","6":"product_brand-syflar","7":"product_cat-magnetico","9":"first","10":"outofstock","11":"shipping-taxable","12":"purchasable","13":"product-type-simple"},"_links":{"self":[{"href":"https:\/\/luzsollar.com\/lj2\/wp-json\/wp\/v2\/product\/10235","targetHints":{"allow":["GET"]}}],"collection":[{"href":"https:\/\/luzsollar.com\/lj2\/wp-json\/wp\/v2\/product"}],"about":[{"href":"https:\/\/luzsollar.com\/lj2\/wp-json\/wp\/v2\/types\/product"}],"wp:featuredmedia":[{"embeddable":true,"href":"https:\/\/luzsollar.com\/lj2\/wp-json\/wp\/v2\/media\/6490"}],"wp:attachment":[{"href":"https:\/\/luzsollar.com\/lj2\/wp-json\/wp\/v2\/media?parent=10235"}],"wp:term":[{"taxonomy":"locations","embeddable":true,"href":"https:\/\/luzsollar.com\/lj2\/wp-json\/wp\/v2\/locations?post=10235"},{"taxonomy":"product_brand","embeddable":true,"href":"https:\/\/luzsollar.com\/lj2\/wp-json\/wp\/v2\/product_brand?post=10235"},{"taxonomy":"product_cat","embeddable":true,"href":"https:\/\/luzsollar.com\/lj2\/wp-json\/wp\/v2\/product_cat?post=10235"},{"taxonomy":"product_tag","embeddable":true,"href":"https:\/\/luzsollar.com\/lj2\/wp-json\/wp\/v2\/product_tag?post=10235"}],"curies":[{"name":"wp","href":"https:\/\/api.w.org\/{rel}","templated":true}]}}