{"id":10228,"date":"2025-11-04T17:25:45","date_gmt":"2025-11-04T20:25:45","guid":{"rendered":"https:\/\/luzsollar.com\/lj2\/?post_type=product&#038;p=10228"},"modified":"2026-04-30T10:46:29","modified_gmt":"2026-04-30T13:46:29","slug":"magnetico-luminaria-curva-linear-foco-20w-6500k-o120","status":"publish","type":"product","link":"https:\/\/luzsollar.com\/lj2\/produto\/magnetico-luminaria-curva-linear-foco-20w-6500k-o120\/","title":{"rendered":"MAGN\u00c9TICO LUMINARIA CURVA LINEAR FOCO 20W 6500K  \u00d8120"},"content":{"rendered":"<p>MAGN\u00c9TICO LUMINARIA CURVA LINEAR FOCO 20W 6500K  \u00d8120<\/p>\n","protected":false},"excerpt":{"rendered":"<p>Tamanho: 360x22x45mm &#8211; Temp. Cor: 6500K &#8211; Material: <\/p>\n","protected":false},"featured_media":6485,"template":"","meta":[],"locations":[119,120,136],"product_brand":[58],"product_cat":[76],"product_tag":[],"class_list":{"0":"post-10228","1":"product","2":"type-product","3":"status-publish","4":"has-post-thumbnail","6":"locations-brasilia","7":"locations-sao-paulo-gl1","8":"locations-sao-paulo-lj","9":"product_brand-syflar","10":"product_cat-magnetico","12":"first","13":"instock","14":"sale","15":"shipping-taxable","16":"purchasable","17":"product-type-simple"},"_links":{"self":[{"href":"https:\/\/luzsollar.com\/lj2\/wp-json\/wp\/v2\/product\/10228","targetHints":{"allow":["GET"]}}],"collection":[{"href":"https:\/\/luzsollar.com\/lj2\/wp-json\/wp\/v2\/product"}],"about":[{"href":"https:\/\/luzsollar.com\/lj2\/wp-json\/wp\/v2\/types\/product"}],"wp:featuredmedia":[{"embeddable":true,"href":"https:\/\/luzsollar.com\/lj2\/wp-json\/wp\/v2\/media\/6485"}],"wp:attachment":[{"href":"https:\/\/luzsollar.com\/lj2\/wp-json\/wp\/v2\/media?parent=10228"}],"wp:term":[{"taxonomy":"locations","embeddable":true,"href":"https:\/\/luzsollar.com\/lj2\/wp-json\/wp\/v2\/locations?post=10228"},{"taxonomy":"product_brand","embeddable":true,"href":"https:\/\/luzsollar.com\/lj2\/wp-json\/wp\/v2\/product_brand?post=10228"},{"taxonomy":"product_cat","embeddable":true,"href":"https:\/\/luzsollar.com\/lj2\/wp-json\/wp\/v2\/product_cat?post=10228"},{"taxonomy":"product_tag","embeddable":true,"href":"https:\/\/luzsollar.com\/lj2\/wp-json\/wp\/v2\/product_tag?post=10228"}],"curies":[{"name":"wp","href":"https:\/\/api.w.org\/{rel}","templated":true}]}}