{"id":5884,"date":"2025-10-31T11:31:01","date_gmt":"2025-10-31T14:31:01","guid":{"rendered":"https:\/\/luzsollar.com\/lj2\/?page_id=5884"},"modified":"2025-11-10T10:57:38","modified_gmt":"2025-11-10T13:57:38","slug":"lojista","status":"publish","type":"page","link":"https:\/\/luzsollar.com\/lj2\/lojista\/","title":{"rendered":"Lojista"},"content":{"rendered":"\t\t\t\t<h2>\n\t\t\t\tCadastre-se<\/h2>\n\t\t\t\t<div class=\"woocommerce\">\n\t\t\t\t\t<form method=\"post\" class=\"woocommerce-form woocommerce-form-register register\" enctype=\"multipart\/form-data\"enctype=\"multipart\/form-data\" >\n\n\t\t\t\t\t\t\n\t\t\t\t\t\t\n\t\t\t\t\t\t<p class=\"woocommerce-form-row woocommerce-form-row--wide form-row form-row-wide\">\n\t\t\t\t\t\t\t<label for=\"reg_email\">E-Mail Adresse&nbsp;<span class=\"required\">*<\/span><\/label>\n\t\t\t\t\t\t\t<input type=\"email\" class=\"woocommerce-Input woocommerce-Input--text input-text\" name=\"email\" id=\"reg_email\" autocomplete=\"email\" value=\"\" \/>\n\t\t\t\t\t\t<\/p>\n\n\t\t\t\t\t\t\n\t\t\t\t\t\t\t<p class=\"woocommerce-form-row woocommerce-form-row--wide form-row form-row-wide\">\n\t\t\t\t\t\t\t\t<label for=\"reg_password\">Senha&nbsp;<span class=\"required\">*<\/span><\/label>\n\t\t\t\t\t\t\t\t<input type=\"password\" class=\"woocommerce-Input woocommerce-Input--text input-text\" name=\"password\" id=\"reg_password\" autocomplete=\"new-password\" \/>\n\t\t\t\t\t\t\t<\/p>\n\n\t\t\t\t\t\t\n\t\t\t\t\t\t\t\t\t\t<p class=\"woocommerce-form-row woocommerce-form-row--wide form-row form-row-wide marketking_registration_options_dropdown_section \">\n\t\t\t\t\t<label for=\"marketking_registration_options_dropdown\">\n\t\t\t\t\t\tTipo De Usu\u00e1rio&nbsp;<span class=\"required\">*<\/span>\n\t\t\t\t\t<\/label>\n\t\t\t\t\t<select id=\"marketking_registration_options_dropdown\" name=\"marketking_registration_options_dropdown\">\n\n\t\t\t\t\t\t<option value=\"option_10005\" >Vendedor S\u00e3o Paulo<\/option><option value=\"option_10011\" >Vendedor Brasilia<\/option><option value=\"option_10006\" >Representante<\/option>\t\t\t\t\t<\/select>\n\t\t\t\t<\/p>\n\t\t\t\t<div class=\" marketking_custom_registration_container marketking_custom_registration_option_5893\"><p class=\"woocommerce-form-row woocommerce-form-row--wide form-row form-row-wide \"><label for=\"marketking_field_5894\">First Name&nbsp;<span class=\"required\">*<\/span><\/label><input type=\"text\" id=\"marketking_field_5894\" class=\"marketking_custom_registration_field billing_first_name marketking_field_req_required\" name=\"marketking_field_5894\"  value=\"\" placeholder=\"Enter your first name here...\" required><\/p><\/div><div class=\" marketking_custom_registration_container marketking_custom_registration_option_5893\"><p class=\"woocommerce-form-row woocommerce-form-row--wide form-row form-row-wide \"><label for=\"marketking_field_5895\">Last Name&nbsp;<span class=\"required\">*<\/span><\/label><input type=\"text\" id=\"marketking_field_5895\" class=\"marketking_custom_registration_field billing_last_name marketking_field_req_required\" name=\"marketking_field_5895\"  value=\"\" placeholder=\"Enter your last name here...\" required><\/p><\/div><div class=\" marketking_custom_registration_container marketking_custom_registration_option_5893\"><p class=\"woocommerce-form-row woocommerce-form-row--wide form-row form-row-wide \"><label for=\"marketking_field_5896\">Company Name&nbsp;<span class=\"required\">*<\/span><\/label><input type=\"text\" id=\"marketking_field_5896\" class=\"marketking_custom_registration_field billing_company marketking_field_req_required\" name=\"marketking_field_5896\"  value=\"\" placeholder=\"Enter your company name here...\" required><\/p><\/div><div class=\" marketking_custom_registration_container marketking_custom_registration_option_5893\"><p class=\"woocommerce-form-row woocommerce-form-row--wide form-row form-row-wide \"><label for=\"marketking_field_5897\">Phone Number&nbsp;<span class=\"required\">*<\/span><\/label><input id=\"marketking_field_5897\" type=\"tel\" class=\"marketking_custom_registration_field marketking_field_req_required\" name=\"marketking_field_5897\" value=\"\" placeholder=\"Enter your phone here...\" required><\/p><\/div><div class=\" marketking_custom_registration_container marketking_custom_registration_option_5893\"><p class=\"woocommerce-form-row woocommerce-form-row--wide form-row form-row-wide \"><label for=\"marketking_field_5898\">Store Name&nbsp;<span class=\"required\">*<\/span><\/label><input type=\"text\" id=\"marketking_field_5898\" class=\"marketking_custom_registration_field custom_mapping marketking_field_req_required\" name=\"marketking_field_5898\"  value=\"\" placeholder=\"Enter your desired store name here...\" required><\/p><\/div><div class=\" marketking_custom_registration_container marketking_custom_registration_option_5893\"><p class=\"woocommerce-form-row woocommerce-form-row--wide form-row form-row-wide \"><label for=\"marketking_field_5899\">Store URL&nbsp;<span class=\"required\">*<\/span><span class=\"marketking_availability\"><\/span><\/label><input type=\"text\" id=\"marketking_field_5899\" class=\"marketking_custom_registration_field billing_store_url marketking_field_req_required\" name=\"marketking_field_5899\"  value=\"\" placeholder=\"Enter your desired store URL here...\" required><\/p><\/div><wc-order-attribution-inputs><\/wc-order-attribution-inputs><div class=\"woocommerce-privacy-policy-text\"><p>Seus dados pessoais ser\u00e3o usados para aprimorar a sua experi\u00eancia em todo este site, para gerenciar o acesso a sua conta e para outros prop\u00f3sitos, como descritos em nossa <a href=\"https:\/\/luzsollar.com\/lj2\/?page_id=3\" class=\"woocommerce-privacy-policy-link\" target=\"_blank\">pol\u00edtica de privacidade<\/a>.<\/p>\n<\/div>\n\t\t\t\t\t\t<p class=\"woocommerce-form-row form-row\">\n\t\t\t\t\t\t\t<input type=\"hidden\" id=\"woocommerce-register-nonce\" name=\"woocommerce-register-nonce\" value=\"90adb53cce\" \/><input type=\"hidden\" name=\"_wp_http_referer\" value=\"\/lj2\/wp-json\/wp\/v2\/pages\/5884\" \/>\t\t\t\t\t\t\t<button type=\"submit\" class=\"woocommerce-Button woocommerce-button button woocommerce-form-register__submit\" name=\"register\" value=\"Cadastre-se\">Cadastre-se<\/button>\n\t\t\t\t\t\t<\/p>\n\n\t\t\t\t\t\t\n\t\t\t\t\t<\/form>\n\t\t\t\t<\/div>\n\t\t\t\t\r\n\r\n\r\n<p><\/p>\r\n","protected":false},"excerpt":{"rendered":"Cadastre-se E-Mail Adresse&nbsp;* Senha&nbsp;* Tipo De Usu\u00e1rio&nbsp;* Vendedor S\u00e3o PauloVendedor BrasiliaRepresentante First Name&nbsp;*Last Name&nbsp;*Company Name&nbsp;*Phone Number&nbsp;*Store Name&nbsp;*Store URL&nbsp;*Seus dados pessoais ser\u00e3o usados para aprimorar a...","protected":false},"author":1,"featured_media":0,"parent":0,"menu_order":0,"comment_status":"closed","ping_status":"closed","template":"","meta":{"footnotes":""},"class_list":["post-5884","page","type-page","status-publish"],"_links":{"self":[{"href":"https:\/\/luzsollar.com\/lj2\/wp-json\/wp\/v2\/pages\/5884","targetHints":{"allow":["GET"]}}],"collection":[{"href":"https:\/\/luzsollar.com\/lj2\/wp-json\/wp\/v2\/pages"}],"about":[{"href":"https:\/\/luzsollar.com\/lj2\/wp-json\/wp\/v2\/types\/page"}],"author":[{"embeddable":true,"href":"https:\/\/luzsollar.com\/lj2\/wp-json\/wp\/v2\/users\/1"}],"replies":[{"embeddable":true,"href":"https:\/\/luzsollar.com\/lj2\/wp-json\/wp\/v2\/comments?post=5884"}],"version-history":[{"count":2,"href":"https:\/\/luzsollar.com\/lj2\/wp-json\/wp\/v2\/pages\/5884\/revisions"}],"predecessor-version":[{"id":10848,"href":"https:\/\/luzsollar.com\/lj2\/wp-json\/wp\/v2\/pages\/5884\/revisions\/10848"}],"wp:attachment":[{"href":"https:\/\/luzsollar.com\/lj2\/wp-json\/wp\/v2\/media?parent=5884"}],"curies":[{"name":"wp","href":"https:\/\/api.w.org\/{rel}","templated":true}]}}